{"id":27,"date":"2023-08-14T06:14:21","date_gmt":"2023-08-14T06:14:21","guid":{"rendered":"https:\/\/ebcohomepage2-bttj1oakur.live-website.com\/?page_id=27"},"modified":"2024-01-22T15:21:47","modified_gmt":"2024-01-22T15:21:47","slug":"impressum","status":"publish","type":"page","link":"https:\/\/ebco.de\/en\/impressum\/","title":{"rendered":"Imprint"},"content":{"rendered":"<div data-elementor-type=\"wp-page\" data-elementor-id=\"27\" class=\"elementor elementor-27\" data-elementor-post-type=\"page\">\n\t\t\t\t<div class=\"elementor-element elementor-element-9423935 e-flex e-con-boxed e-con e-parent\" data-id=\"9423935\" data-element_type=\"container\" data-e-type=\"container\">\n\t\t\t\t\t<div class=\"e-con-inner\">\n\t\t\t\t<div class=\"elementor-element elementor-element-6939373 elementor-widget elementor-widget-text-editor\" data-id=\"6939373\" data-element_type=\"widget\" data-e-type=\"widget\" data-widget_type=\"text-editor.default\">\n\t\t\t\t<div class=\"elementor-widget-container\">\n\t\t\t\t\t\t\t\t\t<section class=\"av_textblock_section\"><div class=\"avia_textblock\"><p><strong>EBCO GmbH\u00a0<\/strong><br \/>Sitz der Gesellschaft: Albbruck<br \/>Gesch\u00e4ftsf\u00fchrer: Dipl.-Wi.-Ing. Hanspeter Ebner, Elke J\u00e4ger, Olaf Sperling<br \/>Handelsregister: Amtsgericht Freiburg HRB 621317<br \/>UstID: DE812635955<br \/>Gewerbestra\u00dfe 10<\/p><p><br \/>D-79774 Albbruck<br \/>Tel: +49(0)7753-9200-0<br \/>Fax: +49(0)7753-9200-20<br \/>e-mail:\u00a0<a href=\"mailto:ebner@ebco.de\">info@ebco.de<\/a><br \/><a href=\"https:\/\/ebco.de\/en\/\">http:\/\/www.ebco.de<\/a><\/p><\/div><\/section><div class=\"avia-button-wrap avia-button-left\">\u00a0<\/div><section class=\"av_textblock_section\"><div class=\"avia_textblock\"><p><strong>Rechtliche Hinweise, Qualit\u00e4tssicherung, Haftungsausschluss:\u00a0<\/strong><br \/>EBCO GmbH ist bem\u00fcht, auf Ihrer Webseite stets richtige, aktuelle und vollst\u00e4ndige Informationen bereitzustellen und \u00e4ndert oder erg\u00e4nzt diese daher bei Bedarf laufend und ohne vorherige Ank\u00fcndigung. Dennoch m\u00fcssen wir f\u00fcr die Korrektheit, Aktualit\u00e4t und Vollst\u00e4ndigkeit jede Gew\u00e4hr, Haftung oder Garantie ausschlie\u00dfen. Dies gilt auch f\u00fcr Verweise, sogenannte \u201cHyperlinks\u201d, welche EBCO GmbH auf Ihrer Webseite direkt oder indirekt anbietet. EBCO GmbH kann f\u00fcr Inhalte solcher externen Sites, die Sie mittels eines Links oder sonstiger Hinweise erreichen, keine Verantwortung \u00fcbernehmen. Ferner haftet EBCO GmbH nicht f\u00fcr direkte oder indirekte Sch\u00e4den (incl. entgangener Gewinne), die auf Informationen zur\u00fcckgef\u00fchrt werden k\u00f6nnen, die auf diesen externen Websites stehen.<\/p><p>Der Inhalt der Webseite von EBCO GmbH ist urheberrechtlich gesch\u00fctzt. Trotzdem r\u00e4umt Ihnen EBCO GmbH das Recht ein, die auf Ihrer Webseite bereitgestellten Texte ganz oder teilweise zu speichern und zu vervielf\u00e4ltigen, sofern Sie diese f\u00fcr Ihren eigenen und unmittelbar beruflichen oder pers\u00f6nlichen Zwecke ben\u00f6tigen. Eine entgeltliche Weitergabe der Inhalte unserer Site an Dritte ist nicht gestattet. Das Urheberrecht verbietet ferner die Speicherung und Vervielf\u00e4ltigung von Bildmaterial oder Grafiken aus unserer Webseite.<\/p><\/div><\/section>\t\t\t\t\t\t\t\t<\/div>\n\t\t\t\t<\/div>\n\t\t\t\t\t<\/div>\n\t\t\t\t<\/div>\n\t\t\t\t<\/div>","protected":false},"excerpt":{"rendered":"<p>EBCO GmbH\u00a0Sitz der Gesellschaft: AlbbruckGesch\u00e4ftsf\u00fchrer: Dipl.-Wi.-Ing. Hanspeter Ebner, Elke J\u00e4ger, Olaf SperlingHandelsregister: Amtsgericht Freiburg HRB 621317UstID: DE812635955Gewerbestra\u00dfe 10 D-79774 AlbbruckTel: +49(0)7753-9200-0Fax: +49(0)7753-9200-20e-mail:\u00a0info@ebco.dehttp:\/\/www.ebco.de \u00a0 Rechtliche Hinweise, Qualit\u00e4tssicherung, Haftungsausschluss:\u00a0EBCO GmbH ist bem\u00fcht, auf Ihrer Webseite stets richtige, aktuelle und vollst\u00e4ndige Informationen bereitzustellen und \u00e4ndert oder erg\u00e4nzt diese daher bei Bedarf laufend und ohne vorherige Ank\u00fcndigung. Dennoch m\u00fcssen [&hellip;]<\/p>\n","protected":false},"author":1,"featured_media":0,"parent":0,"menu_order":0,"comment_status":"closed","ping_status":"closed","template":"","meta":{"footnotes":""},"class_list":["post-27","page","type-page","status-publish","hentry"],"yoast_head":"<!-- This site is optimized with the Yoast SEO plugin v27.3 - https:\/\/yoast.com\/product\/yoast-seo-wordpress\/ -->\n<title>Impressum - ebco<\/title>\n<meta name=\"robots\" content=\"index, follow, max-snippet:-1, max-image-preview:large, max-video-preview:-1\" \/>\n<link rel=\"canonical\" href=\"https:\/\/ebco.de\/en\/impressum\/\" \/>\n<meta property=\"og:locale\" content=\"en_GB\" \/>\n<meta property=\"og:type\" content=\"article\" \/>\n<meta property=\"og:title\" content=\"Impressum - ebco\" \/>\n<meta property=\"og:description\" content=\"EBCO GmbH\u00a0Sitz der Gesellschaft: AlbbruckGesch\u00e4ftsf\u00fchrer: Dipl.-Wi.-Ing. Hanspeter Ebner, Elke J\u00e4ger, Olaf SperlingHandelsregister: Amtsgericht Freiburg HRB 621317UstID: DE812635955Gewerbestra\u00dfe 10 D-79774 AlbbruckTel: +49(0)7753-9200-0Fax: +49(0)7753-9200-20e-mail:\u00a0info@ebco.dehttp:\/\/www.ebco.de \u00a0 Rechtliche Hinweise, Qualit\u00e4tssicherung, Haftungsausschluss:\u00a0EBCO GmbH ist bem\u00fcht, auf Ihrer Webseite stets richtige, aktuelle und vollst\u00e4ndige Informationen bereitzustellen und \u00e4ndert oder erg\u00e4nzt diese daher bei Bedarf laufend und ohne vorherige Ank\u00fcndigung. Dennoch m\u00fcssen [&hellip;]\" \/>\n<meta property=\"og:url\" content=\"https:\/\/ebco.de\/en\/impressum\/\" \/>\n<meta property=\"og:site_name\" content=\"ebco\" \/>\n<meta property=\"article:publisher\" content=\"https:\/\/m.facebook.com\/profile.php?id=1492038814392178\" \/>\n<meta property=\"article:modified_time\" content=\"2024-01-22T15:21:47+00:00\" \/>\n<meta name=\"twitter:card\" content=\"summary_large_image\" \/>\n<meta name=\"twitter:label1\" content=\"Estimated reading time\" \/>\n\t<meta name=\"twitter:data1\" content=\"2 minutes\" \/>\n<script type=\"application\/ld+json\" class=\"yoast-schema-graph\">{\"@context\":\"https:\\\/\\\/schema.org\",\"@graph\":[{\"@type\":\"WebPage\",\"@id\":\"https:\\\/\\\/ebco.de\\\/impressum\\\/\",\"url\":\"https:\\\/\\\/ebco.de\\\/impressum\\\/\",\"name\":\"Impressum - ebco\",\"isPartOf\":{\"@id\":\"https:\\\/\\\/ebco.de\\\/#website\"},\"datePublished\":\"2023-08-14T06:14:21+00:00\",\"dateModified\":\"2024-01-22T15:21:47+00:00\",\"breadcrumb\":{\"@id\":\"https:\\\/\\\/ebco.de\\\/impressum\\\/#breadcrumb\"},\"inLanguage\":\"en-GB\",\"potentialAction\":[{\"@type\":\"ReadAction\",\"target\":[\"https:\\\/\\\/ebco.de\\\/impressum\\\/\"]}]},{\"@type\":\"BreadcrumbList\",\"@id\":\"https:\\\/\\\/ebco.de\\\/impressum\\\/#breadcrumb\",\"itemListElement\":[{\"@type\":\"ListItem\",\"position\":1,\"name\":\"Home\",\"item\":\"https:\\\/\\\/ebco.de\\\/\"},{\"@type\":\"ListItem\",\"position\":2,\"name\":\"Impressum\"}]},{\"@type\":\"WebSite\",\"@id\":\"https:\\\/\\\/ebco.de\\\/#website\",\"url\":\"https:\\\/\\\/ebco.de\\\/\",\"name\":\"ebco GmbH\",\"description\":\"PURe Innovation\",\"publisher\":{\"@id\":\"https:\\\/\\\/ebco.de\\\/#organization\"},\"alternateName\":\"ebco\",\"potentialAction\":[{\"@type\":\"SearchAction\",\"target\":{\"@type\":\"EntryPoint\",\"urlTemplate\":\"https:\\\/\\\/ebco.de\\\/?s={search_term_string}\"},\"query-input\":{\"@type\":\"PropertyValueSpecification\",\"valueRequired\":true,\"valueName\":\"search_term_string\"}}],\"inLanguage\":\"en-GB\"},{\"@type\":\"Organization\",\"@id\":\"https:\\\/\\\/ebco.de\\\/#organization\",\"name\":\"ebco GmbH\",\"alternateName\":\"ebco\",\"url\":\"https:\\\/\\\/ebco.de\\\/\",\"logo\":{\"@type\":\"ImageObject\",\"inLanguage\":\"en-GB\",\"@id\":\"https:\\\/\\\/ebco.de\\\/#\\\/schema\\\/logo\\\/image\\\/\",\"url\":\"https:\\\/\\\/ebco.de\\\/wp-content\\\/uploads\\\/2023\\\/07\\\/EBCO_logo-transparent_mit-PUR-rgb.png\",\"contentUrl\":\"https:\\\/\\\/ebco.de\\\/wp-content\\\/uploads\\\/2023\\\/07\\\/EBCO_logo-transparent_mit-PUR-rgb.png\",\"width\":2561,\"height\":923,\"caption\":\"ebco GmbH\"},\"image\":{\"@id\":\"https:\\\/\\\/ebco.de\\\/#\\\/schema\\\/logo\\\/image\\\/\"},\"sameAs\":[\"https:\\\/\\\/m.facebook.com\\\/profile.php?id=1492038814392178\",\"https:\\\/\\\/www.instagram.com\\\/ebco_gmbh\",\"https:\\\/\\\/de.linkedin.com\\\/company\\\/ebco-gmbh-1986\",\"https:\\\/\\\/www.kununu.com\\\/de\\\/ebco1\",\"https:\\\/\\\/www.xing.com\\\/pages\\\/ebco-gmbh\"]}]}<\/script>\n<!-- \/ Yoast SEO plugin. -->","yoast_head_json":{"title":"Impressum - ebco","robots":{"index":"index","follow":"follow","max-snippet":"max-snippet:-1","max-image-preview":"max-image-preview:large","max-video-preview":"max-video-preview:-1"},"canonical":"https:\/\/ebco.de\/en\/impressum\/","og_locale":"en_GB","og_type":"article","og_title":"Impressum - ebco","og_description":"EBCO GmbH\u00a0Sitz der Gesellschaft: AlbbruckGesch\u00e4ftsf\u00fchrer: Dipl.-Wi.-Ing. Hanspeter Ebner, Elke J\u00e4ger, Olaf SperlingHandelsregister: Amtsgericht Freiburg HRB 621317UstID: DE812635955Gewerbestra\u00dfe 10 D-79774 AlbbruckTel: +49(0)7753-9200-0Fax: +49(0)7753-9200-20e-mail:\u00a0info@ebco.dehttp:\/\/www.ebco.de \u00a0 Rechtliche Hinweise, Qualit\u00e4tssicherung, Haftungsausschluss:\u00a0EBCO GmbH ist bem\u00fcht, auf Ihrer Webseite stets richtige, aktuelle und vollst\u00e4ndige Informationen bereitzustellen und \u00e4ndert oder erg\u00e4nzt diese daher bei Bedarf laufend und ohne vorherige Ank\u00fcndigung. Dennoch m\u00fcssen [&hellip;]","og_url":"https:\/\/ebco.de\/en\/impressum\/","og_site_name":"ebco","article_publisher":"https:\/\/m.facebook.com\/profile.php?id=1492038814392178","article_modified_time":"2024-01-22T15:21:47+00:00","twitter_card":"summary_large_image","twitter_misc":{"Estimated reading time":"2 minutes"},"schema":{"@context":"https:\/\/schema.org","@graph":[{"@type":"WebPage","@id":"https:\/\/ebco.de\/impressum\/","url":"https:\/\/ebco.de\/impressum\/","name":"Impressum - ebco","isPartOf":{"@id":"https:\/\/ebco.de\/#website"},"datePublished":"2023-08-14T06:14:21+00:00","dateModified":"2024-01-22T15:21:47+00:00","breadcrumb":{"@id":"https:\/\/ebco.de\/impressum\/#breadcrumb"},"inLanguage":"en-GB","potentialAction":[{"@type":"ReadAction","target":["https:\/\/ebco.de\/impressum\/"]}]},{"@type":"BreadcrumbList","@id":"https:\/\/ebco.de\/impressum\/#breadcrumb","itemListElement":[{"@type":"ListItem","position":1,"name":"Home","item":"https:\/\/ebco.de\/"},{"@type":"ListItem","position":2,"name":"Impressum"}]},{"@type":"WebSite","@id":"https:\/\/ebco.de\/#website","url":"https:\/\/ebco.de\/","name":"ebco GmbH","description":"PURe Innovation","publisher":{"@id":"https:\/\/ebco.de\/#organization"},"alternateName":"ebco","potentialAction":[{"@type":"SearchAction","target":{"@type":"EntryPoint","urlTemplate":"https:\/\/ebco.de\/?s={search_term_string}"},"query-input":{"@type":"PropertyValueSpecification","valueRequired":true,"valueName":"search_term_string"}}],"inLanguage":"en-GB"},{"@type":"Organization","@id":"https:\/\/ebco.de\/#organization","name":"ebco GmbH","alternateName":"ebco","url":"https:\/\/ebco.de\/","logo":{"@type":"ImageObject","inLanguage":"en-GB","@id":"https:\/\/ebco.de\/#\/schema\/logo\/image\/","url":"https:\/\/ebco.de\/wp-content\/uploads\/2023\/07\/EBCO_logo-transparent_mit-PUR-rgb.png","contentUrl":"https:\/\/ebco.de\/wp-content\/uploads\/2023\/07\/EBCO_logo-transparent_mit-PUR-rgb.png","width":2561,"height":923,"caption":"ebco GmbH"},"image":{"@id":"https:\/\/ebco.de\/#\/schema\/logo\/image\/"},"sameAs":["https:\/\/m.facebook.com\/profile.php?id=1492038814392178","https:\/\/www.instagram.com\/ebco_gmbh","https:\/\/de.linkedin.com\/company\/ebco-gmbh-1986","https:\/\/www.kununu.com\/de\/ebco1","https:\/\/www.xing.com\/pages\/ebco-gmbh"]}]}},"_links":{"self":[{"href":"https:\/\/ebco.de\/en\/wp-json\/wp\/v2\/pages\/27","targetHints":{"allow":["GET"]}}],"collection":[{"href":"https:\/\/ebco.de\/en\/wp-json\/wp\/v2\/pages"}],"about":[{"href":"https:\/\/ebco.de\/en\/wp-json\/wp\/v2\/types\/page"}],"author":[{"embeddable":true,"href":"https:\/\/ebco.de\/en\/wp-json\/wp\/v2\/users\/1"}],"replies":[{"embeddable":true,"href":"https:\/\/ebco.de\/en\/wp-json\/wp\/v2\/comments?post=27"}],"version-history":[{"count":4,"href":"https:\/\/ebco.de\/en\/wp-json\/wp\/v2\/pages\/27\/revisions"}],"predecessor-version":[{"id":2115,"href":"https:\/\/ebco.de\/en\/wp-json\/wp\/v2\/pages\/27\/revisions\/2115"}],"wp:attachment":[{"href":"https:\/\/ebco.de\/en\/wp-json\/wp\/v2\/media?parent=27"}],"curies":[{"name":"wp","href":"https:\/\/api.w.org\/{rel}","templated":true}]}}